{"id":3884,"date":"2019-04-05T13:23:57","date_gmt":"2019-04-05T11:23:57","guid":{"rendered":"https:\/\/parisgirlescort.com\/services\/"},"modified":"2023-09-29T12:11:12","modified_gmt":"2023-09-29T10:11:12","slug":"services","status":"publish","type":"page","link":"https:\/\/parisgirlescort.com\/fr\/services\/","title":{"rendered":"Services"},"content":{"rendered":"      \r\n        <section class=\"main-sctn \">\r\n            <div class=\"container\">                                    \r\n                       \r\n        <div class=\"row\">\r\n            <div class=\"col-md-12\">\r\n                <div class=\"page-text\">\r\n                                                <h1 class=\"title-line-100\">Services d'escorte \u00e0 Paris<\/h1>\r\n                                                                                            \r\n                         Nos filles fournissent <strong>une large gamme de services d&rsquo;escorte \u00e0 Paris<\/strong> pour votre plaisir. Plongez dans le monde des fantasmes et r\u00e9alisez vos r\u00eaves les plus secrets avec les meilleurs services de prostitu\u00e9es \u00e0 Paris. Vous trouverez ci-dessous une liste de services d&rsquo;escorte \u00e0 Paris et des <a href=\"\/fr\/models\/\" target=\"_blank\" rel=\"noopener\">filles d&rsquo;escorte<\/a> qui sont pr\u00eates \u00e0 r\u00e9aliser vos souhaits.                       \r\n                        \r\n                <\/div>\r\n            <\/div>\r\n        <\/div>\r\n<\/p>\n<p>      \r\n    <div class=\"row\">\r\n         \r\n        <div class=\"col-md-4 model-item tax-item\">\r\n            <a href=\"https:\/\/parisgirlescort.com\/fr\/services\/69-fr\/\">\r\n                <div class=\"item-box\">\r\n                                            <img decoding=\"async\" src=\"2\" alt=\"2\" >\r\n                                        <div class=\"mi-info\">\r\n                        <h3>\r\n                            69                        <\/h3>\r\n                    <\/div>\r\n                <\/div>\r\n            <\/a>\r\n        <\/div>\r\n\r\n    \r\n        <div class=\"col-md-4 model-item tax-item\">\r\n            <a href=\"https:\/\/parisgirlescort.com\/fr\/services\/anal-fr\/\">\r\n                <div class=\"item-box\">\r\n                                            <img decoding=\"async\" src=\"https:\/\/parisgirlescort.com\/wp-content\/uploads\/escort-services-anal-paris.jpg\" alt=\"\" >\r\n                                        <div class=\"mi-info\">\r\n                        <h3>\r\n                            Anal                        <\/h3>\r\n                    <\/div>\r\n                <\/div>\r\n            <\/a>\r\n        <\/div>\r\n\r\n    \r\n        <div class=\"col-md-4 model-item tax-item\">\r\n            <a href=\"https:\/\/parisgirlescort.com\/fr\/services\/anal-fingering-fr\/\">\r\n                <div class=\"item-box\">\r\n                                        <div class=\"mi-info\">\r\n                        <h3>\r\n                            Anal fingering                        <\/h3>\r\n                    <\/div>\r\n                <\/div>\r\n            <\/a>\r\n        <\/div>\r\n\r\n    \r\n        <div class=\"col-md-4 model-item tax-item\">\r\n            <a href=\"https:\/\/parisgirlescort.com\/fr\/services\/blowjob-owo-fr\/\">\r\n                <div class=\"item-box\">\r\n                                            <img decoding=\"async\" src=\"https:\/\/parisgirlescort.com\/wp-content\/uploads\/escort-services-blowjob-paris.jpg\" alt=\"\" >\r\n                                        <div class=\"mi-info\">\r\n                        <h3>\r\n                            Blowjob                        <\/h3>\r\n                    <\/div>\r\n                <\/div>\r\n            <\/a>\r\n        <\/div>\r\n\r\n    \r\n        <div class=\"col-md-4 model-item tax-item\">\r\n            <a href=\"https:\/\/parisgirlescort.com\/fr\/services\/couple-fr\/\">\r\n                <div class=\"item-box\">\r\n                                            <img decoding=\"async\" src=\"https:\/\/parisgirlescort.com\/wp-content\/uploads\/escort-services-duo-paris.jpg\" alt=\"\" >\r\n                                        <div class=\"mi-info\">\r\n                        <h3>\r\n                            Couple                        <\/h3>\r\n                    <\/div>\r\n                <\/div>\r\n            <\/a>\r\n        <\/div>\r\n\r\n    \r\n        <div class=\"col-md-4 model-item tax-item\">\r\n            <a href=\"https:\/\/parisgirlescort.com\/fr\/services\/cum-in-face-fr\/\">\r\n                <div class=\"item-box\">\r\n                                            <img decoding=\"async\" src=\"https:\/\/parisgirlescort.com\/wp-content\/uploads\/escort-services-cum-on-face-paris.jpg\" alt=\"\" >\r\n                                        <div class=\"mi-info\">\r\n                        <h3>\r\n                            Cum on face                        <\/h3>\r\n                    <\/div>\r\n                <\/div>\r\n            <\/a>\r\n        <\/div>\r\n\r\n    \r\n        <div class=\"col-md-4 model-item tax-item\">\r\n            <a href=\"https:\/\/parisgirlescort.com\/fr\/services\/domination-service-fr\/\">\r\n                <div class=\"item-box\">\r\n                                            <img decoding=\"async\" src=\"https:\/\/parisgirlescort.com\/wp-content\/uploads\/escort-services-domination-paris.jpg\" alt=\"\" >\r\n                                        <div class=\"mi-info\">\r\n                        <h3>\r\n                            Domination                        <\/h3>\r\n                    <\/div>\r\n                <\/div>\r\n            <\/a>\r\n        <\/div>\r\n\r\n    \r\n        <div class=\"col-md-4 model-item tax-item\">\r\n            <a href=\"https:\/\/parisgirlescort.com\/fr\/services\/dt-fr\/\">\r\n                <div class=\"item-box\">\r\n                                            <img decoding=\"async\" src=\"2\" alt=\"2\" >\r\n                                        <div class=\"mi-info\">\r\n                        <h3>\r\n                            DT                        <\/h3>\r\n                    <\/div>\r\n                <\/div>\r\n            <\/a>\r\n        <\/div>\r\n\r\n    \r\n        <div class=\"col-md-4 model-item tax-item\">\r\n            <a href=\"https:\/\/parisgirlescort.com\/fr\/services\/duo-fr\/\">\r\n                <div class=\"item-box\">\r\n                                            <img decoding=\"async\" src=\"https:\/\/parisgirlescort.com\/wp-content\/uploads\/escort-services-duo-paris.jpg\" alt=\"\" >\r\n                                        <div class=\"mi-info\">\r\n                        <h3>\r\n                            DUO                        <\/h3>\r\n                    <\/div>\r\n                <\/div>\r\n            <\/a>\r\n        <\/div>\r\n\r\n    \r\n        <div class=\"col-md-4 model-item tax-item\">\r\n            <a href=\"https:\/\/parisgirlescort.com\/fr\/services\/cum-in-mouth-fr\/\">\r\n                <div class=\"item-box\">\r\n                                            <img decoding=\"async\" src=\"https:\/\/parisgirlescort.com\/wp-content\/uploads\/escort-services-cum-on-face-in-paris.jpg\" alt=\"\" >\r\n                                        <div class=\"mi-info\">\r\n                        <h3>\r\n                            \u00c9jaculation dans la bouche                        <\/h3>\r\n                    <\/div>\r\n                <\/div>\r\n            <\/a>\r\n        <\/div>\r\n\r\n    \r\n        <div class=\"col-md-4 model-item tax-item\">\r\n            <a href=\"https:\/\/parisgirlescort.com\/fr\/services\/cum-on-body-fr\/\">\r\n                <div class=\"item-box\">\r\n                                            <img decoding=\"async\" src=\"https:\/\/parisgirlescort.com\/wp-content\/uploads\/escort-services-cum-on-body-paris.jpg\" alt=\"\" >\r\n                                        <div class=\"mi-info\">\r\n                        <h3>\r\n                            \u00c9jaculation sur le corps                        <\/h3>\r\n                    <\/div>\r\n                <\/div>\r\n            <\/a>\r\n        <\/div>\r\n\r\n    \r\n        <div class=\"col-md-4 model-item tax-item\">\r\n            <a href=\"https:\/\/parisgirlescort.com\/fr\/services\/massage-fr\/\">\r\n                <div class=\"item-box\">\r\n                                            <img decoding=\"async\" src=\"https:\/\/parisgirlescort.com\/wp-content\/uploads\/escort-services-erotic-massage-paris.jpg\" alt=\"\" >\r\n                                        <div class=\"mi-info\">\r\n                        <h3>\r\n                            Erotic Massage                        <\/h3>\r\n                    <\/div>\r\n                <\/div>\r\n            <\/a>\r\n        <\/div>\r\n\r\n    \r\n        <div class=\"col-md-4 model-item tax-item\">\r\n            <a href=\"https:\/\/parisgirlescort.com\/fr\/services\/face-sitting-fr\/\">\r\n                <div class=\"item-box\">\r\n                                            <img decoding=\"async\" src=\"https:\/\/parisgirlescort.com\/wp-content\/uploads\/escort-services-anal-rimming-paris.jpg\" alt=\"\" >\r\n                                        <div class=\"mi-info\">\r\n                        <h3>\r\n                            Face sitting                        <\/h3>\r\n                    <\/div>\r\n                <\/div>\r\n            <\/a>\r\n        <\/div>\r\n\r\n    \r\n        <div class=\"col-md-4 model-item tax-item\">\r\n            <a href=\"https:\/\/parisgirlescort.com\/fr\/services\/foot-job-fr\/\">\r\n                <div class=\"item-box\">\r\n                                            <img decoding=\"async\" src=\"https:\/\/parisgirlescort.com\/wp-content\/uploads\/escort-services-footjob-paris.jpg\" alt=\"\" >\r\n                                        <div class=\"mi-info\">\r\n                        <h3>\r\n                            Footjob                        <\/h3>\r\n                    <\/div>\r\n                <\/div>\r\n            <\/a>\r\n        <\/div>\r\n\r\n    \r\n        <div class=\"col-md-4 model-item tax-item\">\r\n            <a href=\"https:\/\/parisgirlescort.com\/fr\/services\/french-kissing-fr\/\">\r\n                <div class=\"item-box\">\r\n                                            <img decoding=\"async\" src=\"https:\/\/parisgirlescort.com\/wp-content\/uploads\/escort-services-french-kissing-paris.jpg\" alt=\"\" >\r\n                                        <div class=\"mi-info\">\r\n                        <h3>\r\n                            French kissing                        <\/h3>\r\n                    <\/div>\r\n                <\/div>\r\n            <\/a>\r\n        <\/div>\r\n\r\n    \r\n        <div class=\"col-md-4 model-item tax-item\">\r\n            <a href=\"https:\/\/parisgirlescort.com\/fr\/services\/golden-shower-active-fr-2\/\">\r\n                <div class=\"item-box\">\r\n                                            <img decoding=\"async\" src=\"https:\/\/parisgirlescort.com\/wp-content\/uploads\/escort-services-female-golden-shower-paris.jpg\" alt=\"\" >\r\n                                        <div class=\"mi-info\">\r\n                        <h3>\r\n                            Golden shower (active)                        <\/h3>\r\n                    <\/div>\r\n                <\/div>\r\n            <\/a>\r\n        <\/div>\r\n\r\n    \r\n        <div class=\"col-md-4 model-item tax-item\">\r\n            <a href=\"https:\/\/parisgirlescort.com\/fr\/services\/golden-shower-passive-fr\/\">\r\n                <div class=\"item-box\">\r\n                                            <img decoding=\"async\" src=\"https:\/\/parisgirlescort.com\/wp-content\/uploads\/escort-services-golden-shower-sex-paris.jpg\" alt=\"\" >\r\n                                        <div class=\"mi-info\">\r\n                        <h3>\r\n                            Golden shower (passive)                        <\/h3>\r\n                    <\/div>\r\n                <\/div>\r\n            <\/a>\r\n        <\/div>\r\n\r\n    \r\n        <div class=\"col-md-4 model-item tax-item\">\r\n            <a href=\"https:\/\/parisgirlescort.com\/fr\/services\/handjobs-fr\/\">\r\n                <div class=\"item-box\">\r\n                                            <img decoding=\"async\" src=\"https:\/\/parisgirlescort.com\/wp-content\/uploads\/escort-services-handjob-paris.jpg\" alt=\"\" >\r\n                                        <div class=\"mi-info\">\r\n                        <h3>\r\n                            Handjobs                        <\/h3>\r\n                    <\/div>\r\n                <\/div>\r\n            <\/a>\r\n        <\/div>\r\n\r\n    \r\n        <div class=\"col-md-4 model-item tax-item\">\r\n            <a href=\"https:\/\/parisgirlescort.com\/fr\/services\/owo-fr\/\">\r\n                <div class=\"item-box\">\r\n                                            <img decoding=\"async\" src=\"2\" alt=\"2\" >\r\n                                        <div class=\"mi-info\">\r\n                        <h3>\r\n                            OWO                        <\/h3>\r\n                    <\/div>\r\n                <\/div>\r\n            <\/a>\r\n        <\/div>\r\n\r\n    \r\n        <div class=\"col-md-4 model-item tax-item\">\r\n            <a href=\"https:\/\/parisgirlescort.com\/fr\/services\/anal-rimming-fr\/\">\r\n                <div class=\"item-box\">\r\n                                            <img decoding=\"async\" src=\"https:\/\/parisgirlescort.com\/wp-content\/uploads\/escort-services-anal-rimming-paris.jpg\" alt=\"\" >\r\n                                        <div class=\"mi-info\">\r\n                        <h3>\r\n                            Rimming anal                        <\/h3>\r\n                    <\/div>\r\n                <\/div>\r\n            <\/a>\r\n        <\/div>\r\n\r\n    \r\n        <div class=\"col-md-4 model-item tax-item\">\r\n            <a href=\"https:\/\/parisgirlescort.com\/fr\/services\/sex-toys-fr\/\">\r\n                <div class=\"item-box\">\r\n                                            <img decoding=\"async\" src=\"https:\/\/parisgirlescort.com\/wp-content\/uploads\/escort-services-sex-toys-paris.jpg\" alt=\"\" >\r\n                                        <div class=\"mi-info\">\r\n                        <h3>\r\n                            Sex toys                        <\/h3>\r\n                    <\/div>\r\n                <\/div>\r\n            <\/a>\r\n        <\/div>\r\n\r\n    \r\n        <div class=\"col-md-4 model-item tax-item\">\r\n            <a href=\"https:\/\/parisgirlescort.com\/fr\/services\/squirt-fr\/\">\r\n                <div class=\"item-box\">\r\n                                        <div class=\"mi-info\">\r\n                        <h3>\r\n                            Squirt                        <\/h3>\r\n                    <\/div>\r\n                <\/div>\r\n            <\/a>\r\n        <\/div>\r\n\r\n    \r\n        <div class=\"col-md-4 model-item tax-item\">\r\n            <a href=\"https:\/\/parisgirlescort.com\/fr\/services\/strapon-fr\/\">\r\n                <div class=\"item-box\">\r\n                                            <img decoding=\"async\" src=\"https:\/\/parisgirlescort.com\/wp-content\/uploads\/escort-services-strapon-escort-paris.jpg\" alt=\"\" >\r\n                                        <div class=\"mi-info\">\r\n                        <h3>\r\n                            Strapon                        <\/h3>\r\n                    <\/div>\r\n                <\/div>\r\n            <\/a>\r\n        <\/div>\r\n\r\n    \r\n        <div class=\"col-md-4 model-item tax-item\">\r\n            <a href=\"https:\/\/parisgirlescort.com\/fr\/services\/striptease-fr\/\">\r\n                <div class=\"item-box\">\r\n                                            <img decoding=\"async\" src=\"https:\/\/parisgirlescort.com\/wp-content\/uploads\/escort-services-striptease.jpg\" alt=\"\" >\r\n                                        <div class=\"mi-info\">\r\n                        <h3>\r\n                            Striptease                        <\/h3>\r\n                    <\/div>\r\n                <\/div>\r\n            <\/a>\r\n        <\/div>\r\n\r\n    \r\n        <div class=\"col-md-4 model-item tax-item\">\r\n            <a href=\"https:\/\/parisgirlescort.com\/fr\/services\/submissive-service-fr\/\">\r\n                <div class=\"item-box\">\r\n                                            <img decoding=\"async\" src=\"2\" alt=\"2\" >\r\n                                        <div class=\"mi-info\">\r\n                        <h3>\r\n                            Submissive                        <\/h3>\r\n                    <\/div>\r\n                <\/div>\r\n            <\/a>\r\n        <\/div>\r\n\r\n    \r\n        <div class=\"col-md-4 model-item tax-item\">\r\n            <a href=\"https:\/\/parisgirlescort.com\/fr\/services\/swallow-fr\/\">\r\n                <div class=\"item-box\">\r\n                                            <img decoding=\"async\" src=\"2\" alt=\"2\" >\r\n                                        <div class=\"mi-info\">\r\n                        <h3>\r\n                            Swallow                        <\/h3>\r\n                    <\/div>\r\n                <\/div>\r\n            <\/a>\r\n        <\/div>\r\n\r\n    \r\n        <div class=\"col-md-4 model-item tax-item\">\r\n            <a href=\"https:\/\/parisgirlescort.com\/fr\/services\/tit-job-fr\/\">\r\n                <div class=\"item-box\">\r\n                                            <img decoding=\"async\" src=\"2\" alt=\"2\" >\r\n                                        <div class=\"mi-info\">\r\n                        <h3>\r\n                            Tit job                        <\/h3>\r\n                    <\/div>\r\n                <\/div>\r\n            <\/a>\r\n        <\/div>\r\n\r\n                             \r\n    <\/div>\r\n             <\/div>\r\n        <\/section>\r\n\n","protected":false},"excerpt":{"rendered":"","protected":false},"author":1,"featured_media":0,"parent":0,"menu_order":0,"comment_status":"closed","ping_status":"open","template":"","meta":{"footnotes":""},"class_list":["post-3884","page","type-page","status-publish","hentry"],"acf":[],"yoast_head":"<!-- This site is optimized with the Yoast SEO plugin v18.9 - https:\/\/yoast.com\/wordpress\/plugins\/seo\/ -->\n<title>Full Escort Service Paris - Paris Girl Escort\u2764\ufe0f<\/title>\n<meta name=\"description\" content=\"Our models provide the most sensual Paris adult escort service. Choose our hot call girls services for the perfect date in Paris, France.\" \/>\n<meta name=\"robots\" content=\"index, follow, max-snippet:-1, max-image-preview:large, max-video-preview:-1\" \/>\n<link rel=\"canonical\" href=\"https:\/\/parisgirlescort.com\/fr\/services\/\" \/>\n<meta property=\"og:locale\" content=\"fr_FR\" \/>\n<meta property=\"og:type\" content=\"article\" \/>\n<meta property=\"og:title\" content=\"Full Escort Service Paris - Paris Girl Escort\u2764\ufe0f\" \/>\n<meta property=\"og:description\" content=\"Our models provide the most sensual Paris adult escort service. Choose our hot call girls services for the perfect date in Paris, France.\" \/>\n<meta property=\"og:url\" content=\"https:\/\/parisgirlescort.com\/fr\/services\/\" \/>\n<meta property=\"og:site_name\" content=\"Paris Girl Escort\u2764\ufe0f\" \/>\n<meta property=\"article:modified_time\" content=\"2023-09-29T10:11:12+00:00\" \/>\n<meta name=\"twitter:card\" content=\"summary_large_image\" \/>\n<meta name=\"twitter:label1\" content=\"Dur\u00e9e de lecture estim\u00e9e\" \/>\n\t<meta name=\"twitter:data1\" content=\"1 minute\" \/>\n<script type=\"application\/ld+json\" class=\"yoast-schema-graph\">{\"@context\":\"https:\/\/schema.org\",\"@graph\":[{\"@type\":\"WebSite\",\"@id\":\"https:\/\/parisgirlescort.com\/#website\",\"url\":\"https:\/\/parisgirlescort.com\/\",\"name\":\"Paris Girl Escort\u2764\ufe0f\",\"description\":\"\",\"potentialAction\":[{\"@type\":\"SearchAction\",\"target\":{\"@type\":\"EntryPoint\",\"urlTemplate\":\"https:\/\/parisgirlescort.com\/?s={search_term_string}\"},\"query-input\":\"required name=search_term_string\"}],\"inLanguage\":\"fr-FR\"},{\"@type\":\"WebPage\",\"@id\":\"https:\/\/parisgirlescort.com\/fr\/services\/#webpage\",\"url\":\"https:\/\/parisgirlescort.com\/fr\/services\/\",\"name\":\"Full Escort Service Paris - Paris Girl Escort\u2764\ufe0f\",\"isPartOf\":{\"@id\":\"https:\/\/parisgirlescort.com\/#website\"},\"datePublished\":\"2019-04-05T11:23:57+00:00\",\"dateModified\":\"2023-09-29T10:11:12+00:00\",\"description\":\"Our models provide the most sensual Paris adult escort service. Choose our hot call girls services for the perfect date in Paris, France.\",\"breadcrumb\":{\"@id\":\"https:\/\/parisgirlescort.com\/fr\/services\/#breadcrumb\"},\"inLanguage\":\"fr-FR\",\"potentialAction\":[{\"@type\":\"ReadAction\",\"target\":[\"https:\/\/parisgirlescort.com\/fr\/services\/\"]}]},{\"@type\":\"BreadcrumbList\",\"@id\":\"https:\/\/parisgirlescort.com\/fr\/services\/#breadcrumb\",\"itemListElement\":[{\"@type\":\"ListItem\",\"position\":1,\"name\":\"Home\",\"item\":\"https:\/\/parisgirlescort.com\/fr\/\"},{\"@type\":\"ListItem\",\"position\":2,\"name\":\"Services\"}]}]}<\/script>\n<!-- \/ Yoast SEO plugin. -->","yoast_head_json":{"title":"Full Escort Service Paris - Paris Girl Escort\u2764\ufe0f","description":"Our models provide the most sensual Paris adult escort service. Choose our hot call girls services for the perfect date in Paris, France.","robots":{"index":"index","follow":"follow","max-snippet":"max-snippet:-1","max-image-preview":"max-image-preview:large","max-video-preview":"max-video-preview:-1"},"canonical":"https:\/\/parisgirlescort.com\/fr\/services\/","og_locale":"fr_FR","og_type":"article","og_title":"Full Escort Service Paris - Paris Girl Escort\u2764\ufe0f","og_description":"Our models provide the most sensual Paris adult escort service. Choose our hot call girls services for the perfect date in Paris, France.","og_url":"https:\/\/parisgirlescort.com\/fr\/services\/","og_site_name":"Paris Girl Escort\u2764\ufe0f","article_modified_time":"2023-09-29T10:11:12+00:00","twitter_card":"summary_large_image","twitter_misc":{"Dur\u00e9e de lecture estim\u00e9e":"1 minute"},"schema":{"@context":"https:\/\/schema.org","@graph":[{"@type":"WebSite","@id":"https:\/\/parisgirlescort.com\/#website","url":"https:\/\/parisgirlescort.com\/","name":"Paris Girl Escort\u2764\ufe0f","description":"","potentialAction":[{"@type":"SearchAction","target":{"@type":"EntryPoint","urlTemplate":"https:\/\/parisgirlescort.com\/?s={search_term_string}"},"query-input":"required name=search_term_string"}],"inLanguage":"fr-FR"},{"@type":"WebPage","@id":"https:\/\/parisgirlescort.com\/fr\/services\/#webpage","url":"https:\/\/parisgirlescort.com\/fr\/services\/","name":"Full Escort Service Paris - Paris Girl Escort\u2764\ufe0f","isPartOf":{"@id":"https:\/\/parisgirlescort.com\/#website"},"datePublished":"2019-04-05T11:23:57+00:00","dateModified":"2023-09-29T10:11:12+00:00","description":"Our models provide the most sensual Paris adult escort service. Choose our hot call girls services for the perfect date in Paris, France.","breadcrumb":{"@id":"https:\/\/parisgirlescort.com\/fr\/services\/#breadcrumb"},"inLanguage":"fr-FR","potentialAction":[{"@type":"ReadAction","target":["https:\/\/parisgirlescort.com\/fr\/services\/"]}]},{"@type":"BreadcrumbList","@id":"https:\/\/parisgirlescort.com\/fr\/services\/#breadcrumb","itemListElement":[{"@type":"ListItem","position":1,"name":"Home","item":"https:\/\/parisgirlescort.com\/fr\/"},{"@type":"ListItem","position":2,"name":"Services"}]}]}},"_links":{"self":[{"href":"https:\/\/parisgirlescort.com\/fr\/wp-json\/wp\/v2\/pages\/3884","targetHints":{"allow":["GET"]}}],"collection":[{"href":"https:\/\/parisgirlescort.com\/fr\/wp-json\/wp\/v2\/pages"}],"about":[{"href":"https:\/\/parisgirlescort.com\/fr\/wp-json\/wp\/v2\/types\/page"}],"author":[{"embeddable":true,"href":"https:\/\/parisgirlescort.com\/fr\/wp-json\/wp\/v2\/users\/1"}],"replies":[{"embeddable":true,"href":"https:\/\/parisgirlescort.com\/fr\/wp-json\/wp\/v2\/comments?post=3884"}],"version-history":[{"count":0,"href":"https:\/\/parisgirlescort.com\/fr\/wp-json\/wp\/v2\/pages\/3884\/revisions"}],"wp:attachment":[{"href":"https:\/\/parisgirlescort.com\/fr\/wp-json\/wp\/v2\/media?parent=3884"}],"curies":[{"name":"wp","href":"https:\/\/api.w.org\/{rel}","templated":true}]}}