{"id":3886,"date":"2019-04-05T13:24:22","date_gmt":"2019-04-05T11:24:22","guid":{"rendered":"https:\/\/parisgirlescort.com\/price\/"},"modified":"2023-09-29T13:07:16","modified_gmt":"2023-09-29T11:07:16","slug":"price","status":"publish","type":"page","link":"https:\/\/parisgirlescort.com\/fr\/price\/","title":{"rendered":"Price"},"content":{"rendered":"      \r\n        <section class=\"main-sctn \">\r\n            <div class=\"container\">                                    \r\n                       \r\n        <div class=\"row\">\r\n            <div class=\"col-md-12\">\r\n                <div class=\"page-text\">\r\n                                                <h1 class=\"title-line-100\">Escort prices in Paris<\/h1>\r\n                                                                                            \r\n                         Les prix de l&rsquo;escorte \u00e0 Paris d\u00e9pendent de nombreux facteurs, y compris l&rsquo;exp\u00e9rience du mod\u00e8le, ses <a href=\"\/fr\/services\/\" target=\"_blank\" rel=\"noopener\">services d&rsquo;escorte<\/a>, etc. Vous pouvez \u00eatre s\u00fbrs que chacune de nos filles est une femme d&rsquo;escorte \u00e9tonnante et une call-girl de grande classe. Ci-dessous, nous avons divis\u00e9 tous les mod\u00e8les par groupes de prix de l&rsquo;escorte de Paris, afin que vous puissiez regarder la cat\u00e9gorie souhait\u00e9e et choisir une fille pour votre rendez-vous.                       \r\n                        \r\n                <\/div>\r\n            <\/div>\r\n        <\/div>\r\n       \r\n    <div class=\"row\">\r\n         \r\n        <div class=\"col-md-4 model-item tax-item\">\r\n            <a href=\"https:\/\/parisgirlescort.com\/fr\/coast\/average-cost-fr\/\">\r\n                <div class=\"item-box\">\r\n                                        <div class=\"mi-info\">\r\n                        <h3>\r\n                            Average cost                        <\/h3>\r\n                    <\/div>\r\n                <\/div>\r\n            <\/a>\r\n        <\/div>\r\n\r\n    \r\n        <div class=\"col-md-4 model-item tax-item\">\r\n            <a href=\"https:\/\/parisgirlescort.com\/fr\/coast\/medium-cost-fr\/\">\r\n                <div class=\"item-box\">\r\n                                            <img decoding=\"async\" src=\"2\" alt=\"2\" >\r\n                                        <div class=\"mi-info\">\r\n                        <h3>\r\n                            Medium cost                        <\/h3>\r\n                    <\/div>\r\n                <\/div>\r\n            <\/a>\r\n        <\/div>\r\n\r\n    \r\n        <div class=\"col-md-4 model-item tax-item\">\r\n            <a href=\"https:\/\/parisgirlescort.com\/fr\/coast\/minimum-cost-fr\/\">\r\n                <div class=\"item-box\">\r\n                                            <img decoding=\"async\" src=\"2\" alt=\"2\" >\r\n                                        <div class=\"mi-info\">\r\n                        <h3>\r\n                            Minimum cost                        <\/h3>\r\n                    <\/div>\r\n                <\/div>\r\n            <\/a>\r\n        <\/div>\r\n\r\n                             \r\n    <\/div>\r\n             <\/div>\r\n        <\/section>\r\n\n","protected":false},"excerpt":{"rendered":"","protected":false},"author":1,"featured_media":0,"parent":0,"menu_order":0,"comment_status":"closed","ping_status":"open","template":"","meta":{"footnotes":""},"class_list":["post-3886","page","type-page","status-publish","hentry"],"acf":[],"yoast_head":"<!-- This site is optimized with the Yoast SEO plugin v18.9 - https:\/\/yoast.com\/wordpress\/plugins\/seo\/ -->\n<title>Paris Escort by Prices, Escort Models Rates - Paris Girl Escort\u2764\ufe0f<\/title>\n<meta name=\"description\" content=\"Escort ladies of minimum, medium and average escort prices Paris. View the desired price category and choose an escort girl for your date.\" \/>\n<meta name=\"robots\" content=\"index, follow, max-snippet:-1, max-image-preview:large, max-video-preview:-1\" \/>\n<link rel=\"canonical\" href=\"https:\/\/parisgirlescort.com\/fr\/price\/\" \/>\n<meta property=\"og:locale\" content=\"fr_FR\" \/>\n<meta property=\"og:type\" content=\"article\" \/>\n<meta property=\"og:title\" content=\"Paris Escort by Prices, Escort Models Rates - Paris Girl Escort\u2764\ufe0f\" \/>\n<meta property=\"og:description\" content=\"Escort ladies of minimum, medium and average escort prices Paris. View the desired price category and choose an escort girl for your date.\" \/>\n<meta property=\"og:url\" content=\"https:\/\/parisgirlescort.com\/fr\/price\/\" \/>\n<meta property=\"og:site_name\" content=\"Paris Girl Escort\u2764\ufe0f\" \/>\n<meta property=\"article:modified_time\" content=\"2023-09-29T11:07:16+00:00\" \/>\n<meta name=\"twitter:card\" content=\"summary_large_image\" \/>\n<meta name=\"twitter:label1\" content=\"Dur\u00e9e de lecture estim\u00e9e\" \/>\n\t<meta name=\"twitter:data1\" content=\"1 minute\" \/>\n<script type=\"application\/ld+json\" class=\"yoast-schema-graph\">{\"@context\":\"https:\/\/schema.org\",\"@graph\":[{\"@type\":\"WebSite\",\"@id\":\"https:\/\/parisgirlescort.com\/#website\",\"url\":\"https:\/\/parisgirlescort.com\/\",\"name\":\"Paris Girl Escort\u2764\ufe0f\",\"description\":\"\",\"potentialAction\":[{\"@type\":\"SearchAction\",\"target\":{\"@type\":\"EntryPoint\",\"urlTemplate\":\"https:\/\/parisgirlescort.com\/?s={search_term_string}\"},\"query-input\":\"required name=search_term_string\"}],\"inLanguage\":\"fr-FR\"},{\"@type\":\"WebPage\",\"@id\":\"https:\/\/parisgirlescort.com\/fr\/price\/#webpage\",\"url\":\"https:\/\/parisgirlescort.com\/fr\/price\/\",\"name\":\"Paris Escort by Prices, Escort Models Rates - Paris Girl Escort\u2764\ufe0f\",\"isPartOf\":{\"@id\":\"https:\/\/parisgirlescort.com\/#website\"},\"datePublished\":\"2019-04-05T11:24:22+00:00\",\"dateModified\":\"2023-09-29T11:07:16+00:00\",\"description\":\"Escort ladies of minimum, medium and average escort prices Paris. View the desired price category and choose an escort girl for your date.\",\"breadcrumb\":{\"@id\":\"https:\/\/parisgirlescort.com\/fr\/price\/#breadcrumb\"},\"inLanguage\":\"fr-FR\",\"potentialAction\":[{\"@type\":\"ReadAction\",\"target\":[\"https:\/\/parisgirlescort.com\/fr\/price\/\"]}]},{\"@type\":\"BreadcrumbList\",\"@id\":\"https:\/\/parisgirlescort.com\/fr\/price\/#breadcrumb\",\"itemListElement\":[{\"@type\":\"ListItem\",\"position\":1,\"name\":\"Home\",\"item\":\"https:\/\/parisgirlescort.com\/fr\/\"},{\"@type\":\"ListItem\",\"position\":2,\"name\":\"Price\"}]}]}<\/script>\n<!-- \/ Yoast SEO plugin. -->","yoast_head_json":{"title":"Paris Escort by Prices, Escort Models Rates - Paris Girl Escort\u2764\ufe0f","description":"Escort ladies of minimum, medium and average escort prices Paris. View the desired price category and choose an escort girl for your date.","robots":{"index":"index","follow":"follow","max-snippet":"max-snippet:-1","max-image-preview":"max-image-preview:large","max-video-preview":"max-video-preview:-1"},"canonical":"https:\/\/parisgirlescort.com\/fr\/price\/","og_locale":"fr_FR","og_type":"article","og_title":"Paris Escort by Prices, Escort Models Rates - Paris Girl Escort\u2764\ufe0f","og_description":"Escort ladies of minimum, medium and average escort prices Paris. View the desired price category and choose an escort girl for your date.","og_url":"https:\/\/parisgirlescort.com\/fr\/price\/","og_site_name":"Paris Girl Escort\u2764\ufe0f","article_modified_time":"2023-09-29T11:07:16+00:00","twitter_card":"summary_large_image","twitter_misc":{"Dur\u00e9e de lecture estim\u00e9e":"1 minute"},"schema":{"@context":"https:\/\/schema.org","@graph":[{"@type":"WebSite","@id":"https:\/\/parisgirlescort.com\/#website","url":"https:\/\/parisgirlescort.com\/","name":"Paris Girl Escort\u2764\ufe0f","description":"","potentialAction":[{"@type":"SearchAction","target":{"@type":"EntryPoint","urlTemplate":"https:\/\/parisgirlescort.com\/?s={search_term_string}"},"query-input":"required name=search_term_string"}],"inLanguage":"fr-FR"},{"@type":"WebPage","@id":"https:\/\/parisgirlescort.com\/fr\/price\/#webpage","url":"https:\/\/parisgirlescort.com\/fr\/price\/","name":"Paris Escort by Prices, Escort Models Rates - Paris Girl Escort\u2764\ufe0f","isPartOf":{"@id":"https:\/\/parisgirlescort.com\/#website"},"datePublished":"2019-04-05T11:24:22+00:00","dateModified":"2023-09-29T11:07:16+00:00","description":"Escort ladies of minimum, medium and average escort prices Paris. View the desired price category and choose an escort girl for your date.","breadcrumb":{"@id":"https:\/\/parisgirlescort.com\/fr\/price\/#breadcrumb"},"inLanguage":"fr-FR","potentialAction":[{"@type":"ReadAction","target":["https:\/\/parisgirlescort.com\/fr\/price\/"]}]},{"@type":"BreadcrumbList","@id":"https:\/\/parisgirlescort.com\/fr\/price\/#breadcrumb","itemListElement":[{"@type":"ListItem","position":1,"name":"Home","item":"https:\/\/parisgirlescort.com\/fr\/"},{"@type":"ListItem","position":2,"name":"Price"}]}]}},"_links":{"self":[{"href":"https:\/\/parisgirlescort.com\/fr\/wp-json\/wp\/v2\/pages\/3886","targetHints":{"allow":["GET"]}}],"collection":[{"href":"https:\/\/parisgirlescort.com\/fr\/wp-json\/wp\/v2\/pages"}],"about":[{"href":"https:\/\/parisgirlescort.com\/fr\/wp-json\/wp\/v2\/types\/page"}],"author":[{"embeddable":true,"href":"https:\/\/parisgirlescort.com\/fr\/wp-json\/wp\/v2\/users\/1"}],"replies":[{"embeddable":true,"href":"https:\/\/parisgirlescort.com\/fr\/wp-json\/wp\/v2\/comments?post=3886"}],"version-history":[{"count":0,"href":"https:\/\/parisgirlescort.com\/fr\/wp-json\/wp\/v2\/pages\/3886\/revisions"}],"wp:attachment":[{"href":"https:\/\/parisgirlescort.com\/fr\/wp-json\/wp\/v2\/media?parent=3886"}],"curies":[{"name":"wp","href":"https:\/\/api.w.org\/{rel}","templated":true}]}}